{"id":594,"date":"2022-02-02T12:31:14","date_gmt":"2022-02-02T11:31:14","guid":{"rendered":"https:\/\/bip.hotelosir.pl\/www\/?page_id=594"},"modified":"2025-05-27T17:59:59","modified_gmt":"2025-05-27T15:59:59","slug":"regulamin-scianki-wspinaczkowej","status":"publish","type":"page","link":"https:\/\/bip.hotelosir.pl\/www\/regulamin-scianki-wspinaczkowej\/","title":{"rendered":"Regulamin \u015bcianki wspinaczkowej"},"content":{"rendered":"\t\t<div data-elementor-type=\"wp-page\" data-elementor-id=\"594\" class=\"elementor elementor-594\" data-elementor-post-type=\"page\">\n\t\t\t\t<div class=\"elementor-element elementor-element-ed436c7 e-con-full e-flex e-con e-parent\" data-id=\"ed436c7\" data-element_type=\"container\">\n\t\t<div class=\"elementor-element elementor-element-e6e6e4b e-con-full elementor-hidden-tablet elementor-hidden-mobile e-flex e-con e-child\" data-id=\"e6e6e4b\" data-element_type=\"container\" data-settings=\"{&quot;background_background&quot;:&quot;classic&quot;}\">\n\t\t\t\t<div class=\"elementor-element elementor-element-28e0664 elementor-nav-menu__text-align-aside elementor-widget elementor-widget-nav-menu\" data-id=\"28e0664\" data-element_type=\"widget\" data-settings=\"{&quot;layout&quot;:&quot;dropdown&quot;,&quot;submenu_icon&quot;:{&quot;value&quot;:&quot;&lt;i class=\\&quot;fas fa-chevron-down\\&quot;&gt;&lt;\\\/i&gt;&quot;,&quot;library&quot;:&quot;fa-solid&quot;}}\" data-widget_type=\"nav-menu.default\">\n\t\t\t\t<div class=\"elementor-widget-container\">\n\t\t\t\t\t\t\t\t<nav class=\"elementor-nav-menu--dropdown elementor-nav-menu__container\" aria-hidden=\"true\">\n\t\t\t\t<ul id=\"menu-2-28e0664\" class=\"elementor-nav-menu\"><li class=\"menu-item menu-item-type-post_type menu-item-object-page menu-item-home menu-item-313\"><a href=\"https:\/\/bip.hotelosir.pl\/www\/\" class=\"elementor-item\" tabindex=\"-1\">Start<\/a><\/li>\n<li class=\"menu-item menu-item-type-post_type menu-item-object-page menu-item-942\"><a href=\"https:\/\/bip.hotelosir.pl\/www\/przetargi\/\" class=\"elementor-item\" tabindex=\"-1\">Przetargi<\/a><\/li>\n<li class=\"menu-item menu-item-type-post_type menu-item-object-page menu-item-882\"><a href=\"https:\/\/bip.hotelosir.pl\/www\/oferty\/\" class=\"elementor-item\" tabindex=\"-1\">Oferty<\/a><\/li>\n<li class=\"menu-item menu-item-type-custom menu-item-object-custom menu-item-has-children menu-item-622\"><a href=\"#\" class=\"elementor-item elementor-item-anchor\" tabindex=\"-1\">Sprawozdania z dzia\u0142alno\u015bci O\u015brodka<\/a>\n<ul class=\"sub-menu elementor-nav-menu--dropdown\">\n\t<li class=\"menu-item menu-item-type-post_type menu-item-object-page menu-item-1481\"><a href=\"https:\/\/bip.hotelosir.pl\/www\/sprawozdania-2024\/\" class=\"elementor-sub-item\" tabindex=\"-1\">Sprawozdania 2024<\/a><\/li>\n\t<li class=\"menu-item menu-item-type-post_type menu-item-object-page menu-item-1323\"><a href=\"https:\/\/bip.hotelosir.pl\/www\/sprawozdania-finansowe-2023\/\" class=\"elementor-sub-item\" tabindex=\"-1\">Sprawozdania 2023<\/a><\/li>\n\t<li class=\"menu-item menu-item-type-custom menu-item-object-custom menu-item-1037\"><a href=\"https:\/\/bip.hotelosir.pl\/www\/sprawozdanie-finansowe-2022\/\" class=\"elementor-sub-item\" tabindex=\"-1\">Sprawozdanie  2022<\/a><\/li>\n\t<li class=\"menu-item menu-item-type-post_type menu-item-object-page menu-item-833\"><a href=\"https:\/\/bip.hotelosir.pl\/www\/sprawozdania-finansowe-2021\/\" class=\"elementor-sub-item\" tabindex=\"-1\">Sprawozdania  2021<\/a><\/li>\n\t<li class=\"menu-item menu-item-type-post_type menu-item-object-page menu-item-623\"><a href=\"https:\/\/bip.hotelosir.pl\/www\/sprawozdanie-finansowe-2020\/\" class=\"elementor-sub-item\" tabindex=\"-1\">Sprawozdanie 2020<\/a><\/li>\n\t<li class=\"menu-item menu-item-type-post_type menu-item-object-page menu-item-653\"><a href=\"https:\/\/bip.hotelosir.pl\/www\/sprawozdania-finansowe-2019\/\" class=\"elementor-sub-item\" tabindex=\"-1\">Sprawozdania  2019<\/a><\/li>\n\t<li class=\"menu-item menu-item-type-post_type menu-item-object-page menu-item-652\"><a href=\"https:\/\/bip.hotelosir.pl\/www\/sprawozdanie-finansowe-za-2018\/\" class=\"elementor-sub-item\" tabindex=\"-1\">Sprawozdanie  2018<\/a><\/li>\n<\/ul>\n<\/li>\n<li class=\"menu-item menu-item-type-post_type menu-item-object-page menu-item-312\"><a href=\"https:\/\/bip.hotelosir.pl\/www\/struktura-organizacyjna\/\" class=\"elementor-item\" tabindex=\"-1\">Struktura organizacyjna<\/a><\/li>\n<li class=\"menu-item menu-item-type-post_type menu-item-object-page menu-item-327\"><a href=\"https:\/\/bip.hotelosir.pl\/www\/struktura\/\" class=\"elementor-item\" tabindex=\"-1\">Statut<\/a><\/li>\n<li class=\"menu-item menu-item-type-post_type menu-item-object-page menu-item-1124\"><a href=\"https:\/\/bip.hotelosir.pl\/www\/badanie-wody-wyniki\/\" class=\"elementor-item\" tabindex=\"-1\">Badanie wody \u2013 Wyniki<\/a><\/li>\n<li class=\"menu-item menu-item-type-custom menu-item-object-custom menu-item-has-children menu-item-354\"><a href=\"#\" class=\"elementor-item elementor-item-anchor\" tabindex=\"-1\">Regulaminy<\/a>\n<ul class=\"sub-menu elementor-nav-menu--dropdown\">\n\t<li class=\"menu-item menu-item-type-post_type menu-item-object-page menu-item-1435\"><a href=\"https:\/\/bip.hotelosir.pl\/www\/zarzadzenia\/\" class=\"elementor-sub-item\" tabindex=\"-1\">Zarz\u0105dzenia<\/a><\/li>\n\t<li class=\"menu-item menu-item-type-post_type menu-item-object-page menu-item-463\"><a href=\"https:\/\/bip.hotelosir.pl\/www\/regulamin-organizacyjny-osir\/\" class=\"elementor-sub-item\" tabindex=\"-1\">Regulamin organizacyjny OSiR<\/a><\/li>\n\t<li class=\"menu-item menu-item-type-post_type menu-item-object-page menu-item-533\"><a href=\"https:\/\/bip.hotelosir.pl\/www\/regulamin-basenu-odkrytego\/\" class=\"elementor-sub-item\" tabindex=\"-1\">Regulamin basenu odkrytego<\/a><\/li>\n\t<li class=\"menu-item menu-item-type-post_type menu-item-object-page menu-item-556\"><a href=\"https:\/\/bip.hotelosir.pl\/www\/regulamin-hali-sportowej\/\" class=\"elementor-sub-item\" tabindex=\"-1\">Regulamin Hali Sportowej<\/a><\/li>\n\t<li class=\"menu-item menu-item-type-post_type menu-item-object-page menu-item-563\"><a href=\"https:\/\/bip.hotelosir.pl\/www\/regulamin-kompleksu-boisk-pilakrskich-osrodka-sportu-i-rekreacji-w-dzierzoniowie\/\" class=\"elementor-sub-item\" tabindex=\"-1\">Regulamin kompleksu boisk pi\u0142karskich OSiR w Dzier\u017coniowie<\/a><\/li>\n\t<li class=\"menu-item menu-item-type-post_type menu-item-object-page menu-item-570\"><a href=\"https:\/\/bip.hotelosir.pl\/www\/regulamin-basenu-krytego\/\" class=\"elementor-sub-item\" tabindex=\"-1\">Regulamin basenu krytego<\/a><\/li>\n\t<li class=\"menu-item menu-item-type-post_type menu-item-object-page menu-item-581\"><a href=\"https:\/\/bip.hotelosir.pl\/www\/regulamin-hotelu-osir-w-dzierzoniowie\/\" class=\"elementor-sub-item\" tabindex=\"-1\">Regulamin hotelu OSiR w Dzier\u017coniowie<\/a><\/li>\n\t<li class=\"menu-item menu-item-type-post_type menu-item-object-page menu-item-617\"><a href=\"https:\/\/bip.hotelosir.pl\/www\/regulamin-sauny-infraded\/\" class=\"elementor-sub-item\" tabindex=\"-1\">Regulamin sauny Infraded<\/a><\/li>\n\t<li class=\"menu-item menu-item-type-post_type menu-item-object-page menu-item-616\"><a href=\"https:\/\/bip.hotelosir.pl\/www\/regulamin-sauny-finskiej\/\" class=\"elementor-sub-item\" tabindex=\"-1\">Regulamin sauny fi\u0144skiej<\/a><\/li>\n\t<li class=\"menu-item menu-item-type-post_type menu-item-object-page menu-item-615\"><a href=\"https:\/\/bip.hotelosir.pl\/www\/regulamin-silowni\/\" class=\"elementor-sub-item\" tabindex=\"-1\">Regulamin si\u0142owni<\/a><\/li>\n\t<li class=\"menu-item menu-item-type-post_type menu-item-object-page menu-item-588\"><a href=\"https:\/\/bip.hotelosir.pl\/www\/regulamin-sauny-infraded\/\" class=\"elementor-sub-item\" tabindex=\"-1\">Regulamin sauny Infraded<\/a><\/li>\n\t<li class=\"menu-item menu-item-type-post_type menu-item-object-page menu-item-614\"><a href=\"https:\/\/bip.hotelosir.pl\/www\/regulamin-scianki-wspinaczkowej\/\" class=\"elementor-sub-item\" tabindex=\"-1\">Regulamin \u015bcianki wspinaczkowej<\/a><\/li>\n<\/ul>\n<\/li>\n<li class=\"menu-item menu-item-type-post_type menu-item-object-page menu-item-679\"><a href=\"https:\/\/bip.hotelosir.pl\/www\/pliki-do-pobrania\/\" class=\"elementor-item\" tabindex=\"-1\">Wnioski i formularze<\/a><\/li>\n<\/ul>\t\t\t<\/nav>\n\t\t\t\t\t\t<\/div>\n\t\t\t\t<\/div>\n\t\t\t\t<\/div>\n\t\t<div class=\"elementor-element elementor-element-eddf2e4 e-con-full e-flex e-con e-child\" data-id=\"eddf2e4\" data-element_type=\"container\">\n\t\t\t\t<div class=\"elementor-element elementor-element-a7ee46c elementor-widget elementor-widget-theme-post-title elementor-page-title elementor-widget-heading\" data-id=\"a7ee46c\" data-element_type=\"widget\" data-widget_type=\"theme-post-title.default\">\n\t\t\t\t<div class=\"elementor-widget-container\">\n\t\t\t\t\t<h1 class=\"elementor-heading-title elementor-size-default\">Regulamin \u015bcianki wspinaczkowej<\/h1>\t\t\t\t<\/div>\n\t\t\t\t<\/div>\n\t\t\t\t<div class=\"elementor-element elementor-element-597a7f7 elementor-icon-list--layout-traditional elementor-list-item-link-full_width elementor-widget elementor-widget-icon-list\" data-id=\"597a7f7\" data-element_type=\"widget\" data-widget_type=\"icon-list.default\">\n\t\t\t\t<div class=\"elementor-widget-container\">\n\t\t\t\t\t\t\t<ul class=\"elementor-icon-list-items\">\n\t\t\t\t\t\t\t<li class=\"elementor-icon-list-item\">\n\t\t\t\t\t\t\t\t\t\t\t<a href=\"https:\/\/bip.hotelosir.pl\/www\/wp-content\/uploads\/2022\/02\/SCIANKA.pdf\">\n\n\t\t\t\t\t\t\t\t\t\t\t\t<span class=\"elementor-icon-list-icon\">\n\t\t\t\t\t\t\t<i aria-hidden=\"true\" class=\"far fa-file-pdf\"><\/i>\t\t\t\t\t\t<\/span>\n\t\t\t\t\t\t\t\t\t\t<span class=\"elementor-icon-list-text\">Regulamin \u015bcianki wspinaczkowej<\/span>\n\t\t\t\t\t\t\t\t\t\t\t<\/a>\n\t\t\t\t\t\t\t\t\t<\/li>\n\t\t\t\t\t\t<\/ul>\n\t\t\t\t\t\t<\/div>\n\t\t\t\t<\/div>\n\t\t\t\t<div class=\"elementor-element elementor-element-27ab39f elementor-widget elementor-widget-post-info\" data-id=\"27ab39f\" data-element_type=\"widget\" data-widget_type=\"post-info.default\">\n\t\t\t\t<div class=\"elementor-widget-container\">\n\t\t\t\t\t\t\t<ul class=\"elementor-icon-list-items elementor-post-info\">\n\t\t\t\t\t\t\t\t<li class=\"elementor-icon-list-item elementor-repeater-item-54d0e84\" itemprop=\"author\">\n\t\t\t\t\t\t\t\t\t\t<span class=\"elementor-icon-list-icon\">\n\t\t\t\t\t\t\t\t<i aria-hidden=\"true\" class=\"far fa-user-circle\"><\/i>\t\t\t\t\t\t\t<\/span>\n\t\t\t\t\t\t\t\t\t<span class=\"elementor-icon-list-text elementor-post-info__item elementor-post-info__item--type-author\">\n\t\t\t\t\t\t\t<span class=\"elementor-post-info__item-prefix\">Informacja wprowadzona do BIP przez:<\/span>\n\t\t\t\t\t\t\t\t\t\tHubert Grochowina\t\t\t\t\t<\/span>\n\t\t\t\t\t\t\t\t<\/li>\n\t\t\t\t<li class=\"elementor-icon-list-item elementor-repeater-item-c5803a8\" itemprop=\"datePublished\">\n\t\t\t\t\t\t\t\t\t\t<span class=\"elementor-icon-list-icon\">\n\t\t\t\t\t\t\t\t<i aria-hidden=\"true\" class=\"fas fa-calendar\"><\/i>\t\t\t\t\t\t\t<\/span>\n\t\t\t\t\t\t\t\t\t<span class=\"elementor-icon-list-text elementor-post-info__item elementor-post-info__item--type-date\">\n\t\t\t\t\t\t\t<span class=\"elementor-post-info__item-prefix\">Data publikacji dokumentu:<\/span>\n\t\t\t\t\t\t\t\t\t\t<time>2 lutego, 2022<\/time>\t\t\t\t\t<\/span>\n\t\t\t\t\t\t\t\t<\/li>\n\t\t\t\t<li class=\"elementor-icon-list-item elementor-repeater-item-d8074c9\">\n\t\t\t\t\t\t\t\t\t\t<span class=\"elementor-icon-list-icon\">\n\t\t\t\t\t\t\t\t<i aria-hidden=\"true\" class=\"far fa-clock\"><\/i>\t\t\t\t\t\t\t<\/span>\n\t\t\t\t\t\t\t\t\t<span class=\"elementor-icon-list-text elementor-post-info__item elementor-post-info__item--type-time\">\n\t\t\t\t\t\t\t<span class=\"elementor-post-info__item-prefix\">Godzina publikacji dokumentu:<\/span>\n\t\t\t\t\t\t\t\t\t\t<time>12:31 pm<\/time>\t\t\t\t\t<\/span>\n\t\t\t\t\t\t\t\t<\/li>\n\t\t\t\t<\/ul>\n\t\t\t\t\t\t<\/div>\n\t\t\t\t<\/div>\n\t\t\t\t<\/div>\n\t\t\t\t<\/div>\n\t\t\t\t<\/div>\n\t\t","protected":false},"excerpt":{"rendered":"<p>Regulamin \u015bcianki wspinaczkowej<\/p>\n","protected":false},"author":2,"featured_media":0,"parent":0,"menu_order":0,"comment_status":"closed","ping_status":"closed","template":"elementor_header_footer","meta":{"footnotes":""},"class_list":["post-594","page","type-page","status-publish","hentry"],"_links":{"self":[{"href":"https:\/\/bip.hotelosir.pl\/www\/wp-json\/wp\/v2\/pages\/594","targetHints":{"allow":["GET"]}}],"collection":[{"href":"https:\/\/bip.hotelosir.pl\/www\/wp-json\/wp\/v2\/pages"}],"about":[{"href":"https:\/\/bip.hotelosir.pl\/www\/wp-json\/wp\/v2\/types\/page"}],"author":[{"embeddable":true,"href":"https:\/\/bip.hotelosir.pl\/www\/wp-json\/wp\/v2\/users\/2"}],"replies":[{"embeddable":true,"href":"https:\/\/bip.hotelosir.pl\/www\/wp-json\/wp\/v2\/comments?post=594"}],"version-history":[{"count":10,"href":"https:\/\/bip.hotelosir.pl\/www\/wp-json\/wp\/v2\/pages\/594\/revisions"}],"predecessor-version":[{"id":1639,"href":"https:\/\/bip.hotelosir.pl\/www\/wp-json\/wp\/v2\/pages\/594\/revisions\/1639"}],"wp:attachment":[{"href":"https:\/\/bip.hotelosir.pl\/www\/wp-json\/wp\/v2\/media?parent=594"}],"curies":[{"name":"wp","href":"https:\/\/api.w.org\/{rel}","templated":true}]}}