{"id":189,"date":"2021-10-04T07:57:59","date_gmt":"2021-10-04T05:57:59","guid":{"rendered":"https:\/\/bip.hotelosir.pl\/www\/?page_id=189"},"modified":"2025-05-28T12:28:44","modified_gmt":"2025-05-28T10:28:44","slug":"start","status":"publish","type":"page","link":"https:\/\/bip.hotelosir.pl\/www\/","title":{"rendered":"Start"},"content":{"rendered":"\t\t<div data-elementor-type=\"wp-page\" data-elementor-id=\"189\" class=\"elementor elementor-189\" data-elementor-post-type=\"page\">\n\t\t\t\t<div class=\"elementor-element elementor-element-2ed96c3 e-con-full e-flex e-con e-parent\" data-id=\"2ed96c3\" data-element_type=\"container\">\n\t\t<div class=\"elementor-element elementor-element-0d92d09 e-con-full elementor-hidden-tablet elementor-hidden-mobile e-flex e-con e-child\" data-id=\"0d92d09\" data-element_type=\"container\" data-settings=\"{&quot;background_background&quot;:&quot;classic&quot;}\">\n\t\t\t\t<div class=\"elementor-element elementor-element-09a0f45 elementor-nav-menu__text-align-aside elementor-widget elementor-widget-nav-menu\" data-id=\"09a0f45\" data-element_type=\"widget\" data-settings=\"{&quot;layout&quot;:&quot;dropdown&quot;,&quot;submenu_icon&quot;:{&quot;value&quot;:&quot;&lt;i class=\\&quot;fas fa-chevron-down\\&quot;&gt;&lt;\\\/i&gt;&quot;,&quot;library&quot;:&quot;fa-solid&quot;}}\" data-widget_type=\"nav-menu.default\">\n\t\t\t\t<div class=\"elementor-widget-container\">\n\t\t\t\t\t\t\t\t<nav class=\"elementor-nav-menu--dropdown elementor-nav-menu__container\" aria-hidden=\"true\">\n\t\t\t\t<ul id=\"menu-2-09a0f45\" class=\"elementor-nav-menu\"><li class=\"menu-item menu-item-type-post_type menu-item-object-page menu-item-home menu-item-313\"><a href=\"https:\/\/bip.hotelosir.pl\/www\/\" class=\"elementor-item\" tabindex=\"-1\">Start<\/a><\/li>\n<li class=\"menu-item menu-item-type-post_type menu-item-object-page menu-item-942\"><a href=\"https:\/\/bip.hotelosir.pl\/www\/przetargi\/\" class=\"elementor-item\" tabindex=\"-1\">Przetargi<\/a><\/li>\n<li class=\"menu-item menu-item-type-post_type menu-item-object-page menu-item-882\"><a href=\"https:\/\/bip.hotelosir.pl\/www\/oferty\/\" class=\"elementor-item\" tabindex=\"-1\">Oferty<\/a><\/li>\n<li class=\"menu-item menu-item-type-custom menu-item-object-custom menu-item-has-children menu-item-622\"><a href=\"#\" class=\"elementor-item elementor-item-anchor\" tabindex=\"-1\">Sprawozdania z dzia\u0142alno\u015bci O\u015brodka<\/a>\n<ul class=\"sub-menu elementor-nav-menu--dropdown\">\n\t<li class=\"menu-item menu-item-type-post_type menu-item-object-page menu-item-1481\"><a href=\"https:\/\/bip.hotelosir.pl\/www\/sprawozdania-2024\/\" class=\"elementor-sub-item\" tabindex=\"-1\">Sprawozdania 2024<\/a><\/li>\n\t<li class=\"menu-item menu-item-type-post_type menu-item-object-page menu-item-1323\"><a href=\"https:\/\/bip.hotelosir.pl\/www\/sprawozdania-finansowe-2023\/\" class=\"elementor-sub-item\" tabindex=\"-1\">Sprawozdania 2023<\/a><\/li>\n\t<li class=\"menu-item menu-item-type-custom menu-item-object-custom menu-item-1037\"><a href=\"https:\/\/bip.hotelosir.pl\/www\/sprawozdanie-finansowe-2022\/\" class=\"elementor-sub-item\" tabindex=\"-1\">Sprawozdanie  2022<\/a><\/li>\n\t<li class=\"menu-item menu-item-type-post_type menu-item-object-page menu-item-833\"><a href=\"https:\/\/bip.hotelosir.pl\/www\/sprawozdania-finansowe-2021\/\" class=\"elementor-sub-item\" tabindex=\"-1\">Sprawozdania  2021<\/a><\/li>\n\t<li class=\"menu-item menu-item-type-post_type menu-item-object-page menu-item-623\"><a href=\"https:\/\/bip.hotelosir.pl\/www\/sprawozdanie-finansowe-2020\/\" class=\"elementor-sub-item\" tabindex=\"-1\">Sprawozdanie 2020<\/a><\/li>\n\t<li class=\"menu-item menu-item-type-post_type menu-item-object-page menu-item-653\"><a href=\"https:\/\/bip.hotelosir.pl\/www\/sprawozdania-finansowe-2019\/\" class=\"elementor-sub-item\" tabindex=\"-1\">Sprawozdania  2019<\/a><\/li>\n\t<li class=\"menu-item menu-item-type-post_type menu-item-object-page menu-item-652\"><a href=\"https:\/\/bip.hotelosir.pl\/www\/sprawozdanie-finansowe-za-2018\/\" class=\"elementor-sub-item\" tabindex=\"-1\">Sprawozdanie  2018<\/a><\/li>\n<\/ul>\n<\/li>\n<li class=\"menu-item menu-item-type-post_type menu-item-object-page menu-item-312\"><a href=\"https:\/\/bip.hotelosir.pl\/www\/struktura-organizacyjna\/\" class=\"elementor-item\" tabindex=\"-1\">Struktura organizacyjna<\/a><\/li>\n<li class=\"menu-item menu-item-type-post_type menu-item-object-page menu-item-327\"><a href=\"https:\/\/bip.hotelosir.pl\/www\/struktura\/\" class=\"elementor-item\" tabindex=\"-1\">Statut<\/a><\/li>\n<li class=\"menu-item menu-item-type-post_type menu-item-object-page menu-item-1124\"><a href=\"https:\/\/bip.hotelosir.pl\/www\/badanie-wody-wyniki\/\" class=\"elementor-item\" tabindex=\"-1\">Badanie wody \u2013 Wyniki<\/a><\/li>\n<li class=\"menu-item menu-item-type-custom menu-item-object-custom menu-item-has-children menu-item-354\"><a href=\"#\" class=\"elementor-item elementor-item-anchor\" tabindex=\"-1\">Regulaminy<\/a>\n<ul class=\"sub-menu elementor-nav-menu--dropdown\">\n\t<li class=\"menu-item menu-item-type-post_type menu-item-object-page menu-item-1435\"><a href=\"https:\/\/bip.hotelosir.pl\/www\/zarzadzenia\/\" class=\"elementor-sub-item\" tabindex=\"-1\">Zarz\u0105dzenia<\/a><\/li>\n\t<li class=\"menu-item menu-item-type-post_type menu-item-object-page menu-item-463\"><a href=\"https:\/\/bip.hotelosir.pl\/www\/regulamin-organizacyjny-osir\/\" class=\"elementor-sub-item\" tabindex=\"-1\">Regulamin organizacyjny OSiR<\/a><\/li>\n\t<li class=\"menu-item menu-item-type-post_type menu-item-object-page menu-item-533\"><a href=\"https:\/\/bip.hotelosir.pl\/www\/regulamin-basenu-odkrytego\/\" class=\"elementor-sub-item\" tabindex=\"-1\">Regulamin basenu odkrytego<\/a><\/li>\n\t<li class=\"menu-item menu-item-type-post_type menu-item-object-page menu-item-556\"><a href=\"https:\/\/bip.hotelosir.pl\/www\/regulamin-hali-sportowej\/\" class=\"elementor-sub-item\" tabindex=\"-1\">Regulamin Hali Sportowej<\/a><\/li>\n\t<li class=\"menu-item menu-item-type-post_type menu-item-object-page menu-item-563\"><a href=\"https:\/\/bip.hotelosir.pl\/www\/regulamin-kompleksu-boisk-pilakrskich-osrodka-sportu-i-rekreacji-w-dzierzoniowie\/\" class=\"elementor-sub-item\" tabindex=\"-1\">Regulamin kompleksu boisk pi\u0142karskich OSiR w Dzier\u017coniowie<\/a><\/li>\n\t<li class=\"menu-item menu-item-type-post_type menu-item-object-page menu-item-570\"><a href=\"https:\/\/bip.hotelosir.pl\/www\/regulamin-basenu-krytego\/\" class=\"elementor-sub-item\" tabindex=\"-1\">Regulamin basenu krytego<\/a><\/li>\n\t<li class=\"menu-item menu-item-type-post_type menu-item-object-page menu-item-581\"><a href=\"https:\/\/bip.hotelosir.pl\/www\/regulamin-hotelu-osir-w-dzierzoniowie\/\" class=\"elementor-sub-item\" tabindex=\"-1\">Regulamin hotelu OSiR w Dzier\u017coniowie<\/a><\/li>\n\t<li class=\"menu-item menu-item-type-post_type menu-item-object-page menu-item-617\"><a href=\"https:\/\/bip.hotelosir.pl\/www\/regulamin-sauny-infraded\/\" class=\"elementor-sub-item\" tabindex=\"-1\">Regulamin sauny Infraded<\/a><\/li>\n\t<li class=\"menu-item menu-item-type-post_type menu-item-object-page menu-item-616\"><a href=\"https:\/\/bip.hotelosir.pl\/www\/regulamin-sauny-finskiej\/\" class=\"elementor-sub-item\" tabindex=\"-1\">Regulamin sauny fi\u0144skiej<\/a><\/li>\n\t<li class=\"menu-item menu-item-type-post_type menu-item-object-page menu-item-615\"><a href=\"https:\/\/bip.hotelosir.pl\/www\/regulamin-silowni\/\" class=\"elementor-sub-item\" tabindex=\"-1\">Regulamin si\u0142owni<\/a><\/li>\n\t<li class=\"menu-item menu-item-type-post_type menu-item-object-page menu-item-588\"><a href=\"https:\/\/bip.hotelosir.pl\/www\/regulamin-sauny-infraded\/\" class=\"elementor-sub-item\" tabindex=\"-1\">Regulamin sauny Infraded<\/a><\/li>\n\t<li class=\"menu-item menu-item-type-post_type menu-item-object-page menu-item-614\"><a href=\"https:\/\/bip.hotelosir.pl\/www\/regulamin-scianki-wspinaczkowej\/\" class=\"elementor-sub-item\" tabindex=\"-1\">Regulamin \u015bcianki wspinaczkowej<\/a><\/li>\n<\/ul>\n<\/li>\n<li class=\"menu-item menu-item-type-post_type menu-item-object-page menu-item-679\"><a href=\"https:\/\/bip.hotelosir.pl\/www\/pliki-do-pobrania\/\" class=\"elementor-item\" tabindex=\"-1\">Wnioski i formularze<\/a><\/li>\n<\/ul>\t\t\t<\/nav>\n\t\t\t\t\t\t<\/div>\n\t\t\t\t<\/div>\n\t\t\t\t<\/div>\n\t\t<div class=\"elementor-element elementor-element-a6965b4 e-con-full e-flex e-con e-child\" data-id=\"a6965b4\" data-element_type=\"container\">\n\t\t\t\t<div class=\"elementor-element elementor-element-3006fc2 elementor-widget elementor-widget-heading\" data-id=\"3006fc2\" data-element_type=\"widget\" data-widget_type=\"heading.default\">\n\t\t\t\t<div class=\"elementor-widget-container\">\n\t\t\t\t\t<h2 class=\"elementor-heading-title elementor-size-default\">Witamy w serwisie BIP O\u015brodka <br>Sportu i Rekreacji w Dzier\u017coniowie <\/h2>\t\t\t\t<\/div>\n\t\t\t\t<\/div>\n\t\t\t\t<div class=\"elementor-element elementor-element-28d8999 elementor-widget elementor-widget-heading\" data-id=\"28d8999\" data-element_type=\"widget\" data-widget_type=\"heading.default\">\n\t\t\t\t<div class=\"elementor-widget-container\">\n\t\t\t\t\t<h2 class=\"elementor-heading-title elementor-size-default\">Instrukcja obs\u0142ugi BIP<\/h2>\t\t\t\t<\/div>\n\t\t\t\t<\/div>\n\t\t\t\t<div class=\"elementor-element elementor-element-2b3f5b6 elementor-widget elementor-widget-text-editor\" data-id=\"2b3f5b6\" data-element_type=\"widget\" data-widget_type=\"text-editor.default\">\n\t\t\t\t<div class=\"elementor-widget-container\">\n\t\t\t\t\t\t\t\t\t<p><\/p>\n<p><\/p>\n<p>W naszym Biuletynie Informacji Publicznej (BIP) publikujemy informacje dotycz\u0105ce<br>prowadzonej przez nasz\u0105 organizacj\u0119 dzia\u0142alno\u015bci po\u017cytku publicznego, w tym tej finansowanej ze \u015brodk\u00f3w publicznych.<\/p>\n<p> <\/p>\n<p>Aby odnale\u017a\u0107 poszukiwane informacje, przejd\u017a na stron\u0119 g\u0142\u00f3wn\u0105 naszego BIP i:<\/p>\n<p> <\/p>\n<ol class=\"wp-block-list\">\n<li style=\"list-style-type: none;\">\n<ol class=\"wp-block-list\"><p><\/p>\n<li>skorzystaj z wyszukiwarki, wpisuj\u0105c odpowiedni\u0105 fraz\u0119 w pole u g\u00f3ry strony, lub<\/li><li>skorzystaj z odno\u015bnik\u00f3w znajduj\u0105cych si\u0119 na stronie.<\/li><\/ol><\/li><\/ol>\n<p><\/p>\n<p> <\/p>\n<p>Je\u015bli nie znajdziesz poszukiwanej informacji w BIP, skontaktuj si\u0119 z nami, korzystaj\u0105c z adresu mailowego lub numeru telefonu podanego na stronie.<\/p>\n<p><\/p>\t\t\t\t\t\t\t\t<\/div>\n\t\t\t\t<\/div>\n\t\t\t\t<div class=\"elementor-element elementor-element-2f4afa8 elementor-widget elementor-widget-post-info\" data-id=\"2f4afa8\" data-element_type=\"widget\" data-widget_type=\"post-info.default\">\n\t\t\t\t<div class=\"elementor-widget-container\">\n\t\t\t\t\t\t\t<ul class=\"elementor-icon-list-items elementor-post-info\">\n\t\t\t\t\t\t\t\t<li class=\"elementor-icon-list-item elementor-repeater-item-54d0e84\" itemprop=\"author\">\n\t\t\t\t\t\t\t\t\t\t<span class=\"elementor-icon-list-icon\">\n\t\t\t\t\t\t\t\t<i aria-hidden=\"true\" class=\"far fa-user-circle\"><\/i>\t\t\t\t\t\t\t<\/span>\n\t\t\t\t\t\t\t\t\t<span class=\"elementor-icon-list-text elementor-post-info__item elementor-post-info__item--type-author\">\n\t\t\t\t\t\t\t<span class=\"elementor-post-info__item-prefix\">Informacja wprowadzona do BIP przez:<\/span>\n\t\t\t\t\t\t\t\t\t\tHubert Grochowina\t\t\t\t\t<\/span>\n\t\t\t\t\t\t\t\t<\/li>\n\t\t\t\t<li class=\"elementor-icon-list-item elementor-repeater-item-c5803a8\" itemprop=\"datePublished\">\n\t\t\t\t\t\t\t\t\t\t<span class=\"elementor-icon-list-icon\">\n\t\t\t\t\t\t\t\t<i aria-hidden=\"true\" class=\"fas fa-calendar\"><\/i>\t\t\t\t\t\t\t<\/span>\n\t\t\t\t\t\t\t\t\t<span class=\"elementor-icon-list-text elementor-post-info__item elementor-post-info__item--type-date\">\n\t\t\t\t\t\t\t<span class=\"elementor-post-info__item-prefix\">Data publikacji dokumentu:<\/span>\n\t\t\t\t\t\t\t\t\t\t<time>4 pa\u017adziernika, 2021<\/time>\t\t\t\t\t<\/span>\n\t\t\t\t\t\t\t\t<\/li>\n\t\t\t\t<li class=\"elementor-icon-list-item elementor-repeater-item-d8074c9\">\n\t\t\t\t\t\t\t\t\t\t<span class=\"elementor-icon-list-icon\">\n\t\t\t\t\t\t\t\t<i aria-hidden=\"true\" class=\"far fa-clock\"><\/i>\t\t\t\t\t\t\t<\/span>\n\t\t\t\t\t\t\t\t\t<span class=\"elementor-icon-list-text elementor-post-info__item elementor-post-info__item--type-time\">\n\t\t\t\t\t\t\t<span class=\"elementor-post-info__item-prefix\">Godzina publikacji dokumentu:<\/span>\n\t\t\t\t\t\t\t\t\t\t<time>7:57 am<\/time>\t\t\t\t\t<\/span>\n\t\t\t\t\t\t\t\t<\/li>\n\t\t\t\t<\/ul>\n\t\t\t\t\t\t<\/div>\n\t\t\t\t<\/div>\n\t\t\t\t<\/div>\n\t\t\t\t<\/div>\n\t\t\t\t<\/div>\n\t\t","protected":false},"excerpt":{"rendered":"<p>Witamy w serwisie BIP O\u015brodka Sportu i Rekreacji w Dzier\u017coniowie Instrukcja obs\u0142ugi BIP<\/p>\n","protected":false},"author":2,"featured_media":0,"parent":0,"menu_order":0,"comment_status":"closed","ping_status":"closed","template":"elementor_header_footer","meta":{"footnotes":""},"class_list":["post-189","page","type-page","status-publish","hentry"],"_links":{"self":[{"href":"https:\/\/bip.hotelosir.pl\/www\/wp-json\/wp\/v2\/pages\/189","targetHints":{"allow":["GET"]}}],"collection":[{"href":"https:\/\/bip.hotelosir.pl\/www\/wp-json\/wp\/v2\/pages"}],"about":[{"href":"https:\/\/bip.hotelosir.pl\/www\/wp-json\/wp\/v2\/types\/page"}],"author":[{"embeddable":true,"href":"https:\/\/bip.hotelosir.pl\/www\/wp-json\/wp\/v2\/users\/2"}],"replies":[{"embeddable":true,"href":"https:\/\/bip.hotelosir.pl\/www\/wp-json\/wp\/v2\/comments?post=189"}],"version-history":[{"count":84,"href":"https:\/\/bip.hotelosir.pl\/www\/wp-json\/wp\/v2\/pages\/189\/revisions"}],"predecessor-version":[{"id":1749,"href":"https:\/\/bip.hotelosir.pl\/www\/wp-json\/wp\/v2\/pages\/189\/revisions\/1749"}],"wp:attachment":[{"href":"https:\/\/bip.hotelosir.pl\/www\/wp-json\/wp\/v2\/media?parent=189"}],"curies":[{"name":"wp","href":"https:\/\/api.w.org\/{rel}","templated":true}]}}